{"id":7,"date":"2022-12-07T18:05:21","date_gmt":"2022-12-07T21:05:21","guid":{"rendered":"https:\/\/catalogo.sistemasweb.top\/catalogowhats\/carrinho\/"},"modified":"2022-12-07T21:18:06","modified_gmt":"2022-12-08T00:18:06","slug":"carrinho","status":"publish","type":"page","link":"https:\/\/catalogo.sistemasweb.top\/catalogowhats\/carrinho\/","title":{"rendered":"Carrinho"},"content":{"rendered":"\t\t<div data-elementor-type=\"wp-page\" data-elementor-id=\"7\" class=\"elementor elementor-7\">\n\t\t\t\t\t\t\t\t\t<section class=\"elementor-section elementor-top-section elementor-element elementor-element-4794dd22 elementor-section-boxed elementor-section-height-default elementor-section-height-default\" data-id=\"4794dd22\" data-element_type=\"section\" data-settings=\"{&quot;background_background&quot;:&quot;gradient&quot;,&quot;shape_divider_bottom&quot;:&quot;curve&quot;,&quot;shape_divider_bottom_negative&quot;:&quot;yes&quot;}\">\n\t\t\t\t\t\t\t<div class=\"elementor-background-overlay\"><\/div>\n\t\t\t\t\t\t<div class=\"elementor-shape elementor-shape-bottom\" data-negative=\"true\">\n\t\t\t<svg xmlns=\"http:\/\/www.w3.org\/2000\/svg\" viewBox=\"0 0 1000 100\" preserveAspectRatio=\"none\">\n\t<path class=\"elementor-shape-fill\" d=\"M500,97C126.7,96.3,0.8,19.8,0,0v100l1000,0V1C1000,19.4,873.3,97.8,500,97z\"\/>\n<\/svg>\t\t<\/div>\n\t\t\t\t\t<div class=\"elementor-container elementor-column-gap-no\">\n\t\t\t\t\t<div class=\"elementor-column elementor-col-100 elementor-top-column elementor-element elementor-element-23e7f727\" data-id=\"23e7f727\" data-element_type=\"column\">\n\t\t\t<div class=\"elementor-widget-wrap elementor-element-populated\">\n\t\t\t\t\t\t\t\t\t<\/div>\n\t\t<\/div>\n\t\t\t\t\t\t\t<\/div>\n\t\t<\/section>\n\t\t\t\t<section class=\"elementor-section elementor-top-section elementor-element elementor-element-3ef6e395 elementor-section-boxed elementor-section-height-default elementor-section-height-default\" data-id=\"3ef6e395\" data-element_type=\"section\">\n\t\t\t\t\t\t<div class=\"elementor-container elementor-column-gap-no\">\n\t\t\t\t\t<div class=\"elementor-column elementor-col-100 elementor-top-column elementor-element elementor-element-722cac03\" data-id=\"722cac03\" data-element_type=\"column\">\n\t\t\t<div class=\"elementor-widget-wrap elementor-element-populated\">\n\t\t\t\t\t\t\t\t<div class=\"elementor-element elementor-element-1f47d8c elementor-align-center elementor-widget elementor-widget-button\" data-id=\"1f47d8c\" data-element_type=\"widget\" data-widget_type=\"button.default\">\n\t\t\t\t<div class=\"elementor-widget-container\">\n\t\t\t\t\t<div class=\"elementor-button-wrapper\">\n\t\t\t<a href=\"https:\/\/catalogo.sistemasweb.top\/catalogowhats\/\" class=\"elementor-button-link elementor-button elementor-size-sm\" role=\"button\">\n\t\t\t\t\t\t<span class=\"elementor-button-content-wrapper\">\n\t\t\t\t\t\t<span class=\"elementor-button-text\">adicionar mais itens<\/span>\n\t\t<\/span>\n\t\t\t\t\t<\/a>\n\t\t<\/div>\n\t\t\t\t<\/div>\n\t\t\t\t<\/div>\n\t\t\t\t\t<\/div>\n\t\t<\/div>\n\t\t\t\t\t\t\t<\/div>\n\t\t<\/section>\n\t\t\t\t\t\t\t<\/div>\n\t\t","protected":false},"excerpt":{"rendered":"<p>Remover item Imagem de miniatura Produto Pre\u00e7o Quantidade Subtotal &times; Chicago Fire &#82;&#36;&nbsp;17,99 Chicago Fire quantidade &#82;&#36;&nbsp;17,99 Atualizar carrinho Aplicar cupom Total Subtotal &#82;&#36;&nbsp;17,99 Entrega Digite seu endere\u00e7o para ver as op\u00e7\u00f5es de entrega. Calcular entrega Pa\u00eds \/ regi\u00e3o: Selecione um pa\u00eds&hellip;Afeganist\u00e3o\u00c1frica do SulAlb\u00e2niaAlemanhaAndorraAngolaAnguillaAnt\u00e1rticaAnt\u00edgua e BarbudaAr\u00e1bia SauditaArg\u00e9liaArgentinaArm\u00eaniaArubaAustr\u00e1lia\u00c1ustriaAzerbaij\u00e3oBahamasBangladeshBarbadosBar\u00e9mBelauB\u00e9lgicaBelizeBenimBermudasBielorr\u00fassiaBol\u00edviaB\u00f3snia e HerzegovinaBotsuanaBrasilBruneiBulg\u00e1riaBurquina FassoBur\u00fandiBut\u00e3oCabo VerdeCamar\u00f5esCambojaCanad\u00e1CatarCazaquist\u00e3oChadeChileChinaChipreCingapuraCol\u00f4mbiaComoresComunidade das Ilhas Marianas SetentrionaisCongo [&hellip;]<\/p>\n","protected":false},"author":1,"featured_media":0,"parent":0,"menu_order":4,"comment_status":"closed","ping_status":"closed","template":"elementor_header_footer","meta":{"footnotes":""},"class_list":["post-7","page","type-page","status-publish","hentry"],"_links":{"self":[{"href":"https:\/\/catalogo.sistemasweb.top\/catalogowhats\/wp-json\/wp\/v2\/pages\/7","targetHints":{"allow":["GET"]}}],"collection":[{"href":"https:\/\/catalogo.sistemasweb.top\/catalogowhats\/wp-json\/wp\/v2\/pages"}],"about":[{"href":"https:\/\/catalogo.sistemasweb.top\/catalogowhats\/wp-json\/wp\/v2\/types\/page"}],"author":[{"embeddable":true,"href":"https:\/\/catalogo.sistemasweb.top\/catalogowhats\/wp-json\/wp\/v2\/users\/1"}],"replies":[{"embeddable":true,"href":"https:\/\/catalogo.sistemasweb.top\/catalogowhats\/wp-json\/wp\/v2\/comments?post=7"}],"version-history":[{"count":10,"href":"https:\/\/catalogo.sistemasweb.top\/catalogowhats\/wp-json\/wp\/v2\/pages\/7\/revisions"}],"predecessor-version":[{"id":171,"href":"https:\/\/catalogo.sistemasweb.top\/catalogowhats\/wp-json\/wp\/v2\/pages\/7\/revisions\/171"}],"wp:attachment":[{"href":"https:\/\/catalogo.sistemasweb.top\/catalogowhats\/wp-json\/wp\/v2\/media?parent=7"}],"curies":[{"name":"wp","href":"https:\/\/api.w.org\/{rel}","templated":true}]}}